{"id":119,"date":"2023-06-03T19:48:11","date_gmt":"2023-06-03T19:48:11","guid":{"rendered":"http:\/\/centrobelfiore.com\/?page_id=119"},"modified":"2023-06-07T10:21:53","modified_gmt":"2023-06-07T10:21:53","slug":"le-nostre-api","status":"publish","type":"page","link":"https:\/\/centrobelfiore.com\/?page_id=119","title":{"rendered":"Le nostre api"},"content":{"rendered":"\n<p class=\"has-text-align-center has-medium-font-size\" style=\"font-style:italic;font-weight:400\">Al Centro Belfiore abbiamo anche una piccola produzione di miele.<\/p>\n\n\n\n<p class=\"has-text-align-center has-medium-font-size\" style=\"font-style:italic;font-weight:400\">Le nostre api vengono seguite durante tutto il corso dell&#8217;anno cos\u00ec che arrivino pronte e forti in primavera e possano produrre miele, che in parte gli viene lasciato come scorta e in parte viene prelevato per il consumo.<\/p>\n\n\n\n<figure class=\"wp-block-image alignwide size-full\"><img loading=\"lazy\" decoding=\"async\" width=\"1080\" height=\"585\" src=\"http:\/\/centrobelfiore.com\/wp-content\/uploads\/2023\/06\/Screenshot_2023-06-03-21-42-33-734_com.instagram.android.jpg\" alt=\"\" class=\"wp-image-281\"\/><\/figure>\n\n\n\n<p class=\"has-text-align-center has-medium-font-size\" style=\"font-style:italic;font-weight:400\">Oltre a questo, l\u2019ape \u00e8 sicuramente un vettore che ci consente di seguire lo stato di salute dell\u2019ambiente e che vive in un sistema complesso e organizzato nei minimi dettagli.<\/p>\n\n\n\n<p class=\"has-text-align-center has-medium-font-size\" style=\"font-style:italic;font-weight:400\">L&#8217;ape italiana \u00e8 l\u2019<em>ape mellifera licustica<\/em> la cui vita \u00e8 molto breve, vive infatti solo 40-45 giorni. E&#8217; dunque fondamentale sapere che per fare 1 Kg di miele le api devono visitare oltre un milione di fiori, che per ogni&nbsp;<em>volo<\/em>&nbsp;(tragitto arnia \u2013 fiore \u2013 arnia) impiegano dai 30 ai 40 minuti, che fanno fino a 20 voli in una giornata e che si spingono fino a 8 Km dall\u2019apiario in cerca di fiori arrivando a volare ad una velocit\u00e0 di 15-20Km\/h.<br>Il carico che pu\u00f2 sopportare un\u2019ape al rientro nell\u2019arnia \u00e8 di 15 mg di&nbsp;polline&nbsp;(che deposita nelle taschine delle zampe) e&nbsp;<em>40 mg di nettare<\/em>, che trasporta nella sacca melaria.<\/p>\n\n\n\n<p class=\"has-text-align-center has-medium-font-size\" style=\"font-style:italic;font-weight:400\">Il miele che produciamo al Centro Belfiore \u00e8 un millefiori dalle innumerevoli sfumature di colore e sapore, che variano di anno in anno in base alle fioriture stagionali. Viene raccolto dal melario ed estratto attraverso una \u201cdisopercolatura\u201d ed una centrifugazione a freddo. In seguito il miele viene setacciato e poi lasciato decantare per almeno 15-20 giorni per poi essere invasettato senza prevedere alcun tipo di manipolazione e riuscendo quindi a mantenere tutte le sue propriet\u00e0 salutari.<\/p>\n\n\n\n<p class=\"has-text-align-center has-medium-font-size\" style=\"font-style:italic;font-weight:400\">La bont\u00e0 del miele dipende infatti da due fattori: il lavoro delle api per produrlo e l\u2019intervento dell\u2019uomo per estrarlo e metterlo a disposizione del consumatore.<br>Considerando che quelle suddette sono le uniche lavorazioni che ci permettone di estrarre il miele immagazzinato nelle cellette dei favi, siamo certi di offrire in vasetto del miele esattamente come lo hanno ottenuto le api.<\/p>\n\n\n\n<p class=\"has-text-align-center has-medium-font-size\" style=\"font-style:italic;font-weight:400\">Proprio perch\u00e8 invasettato senza alcun tipo di trattamento chimico o termico, non \u00e8 raro vederlo cristallizzare nei mesi pi\u00f9 freddi, processo legato alla presenza di zuccheri, perfettamente&nbsp;<strong>naturale e salutare<\/strong> ed indice della buona qualit\u00e0 del prodotto.<\/p>\n\n\n\n<p class=\"has-text-align-center has-medium-font-size\" style=\"font-style:italic;font-weight:400\">Potrai assaggiarlo insieme ad altri prodotti locali durante le nostre degustazioni e merende, magari al termine di una bella passeggiata a cavallo.<\/p>\n\n\n\n<p class=\"has-text-align-center has-medium-font-size\" style=\"font-style:italic;font-weight:400\">Ti aspettiamo!<\/p>\n\n\n\n<p><\/p>\n\n\n<style>#jtg-289 .modula-item .jtg-social a, .lightbox-socials.jtg-social a{ color: #ffffff }#jtg-289 .modula-item .jtg-social svg, .lightbox-socials.jtg-social svg { height: 16px; width: 16px }#jtg-289 .modula-item .jtg-social a:not(:last-child), .lightbox-socials.jtg-social a:not(:last-child) { margin-right: 10px }#jtg-289 .modula-item .figc {color:#ffffff;}#jtg-289 .modula-item .modula-item-content { transform: scale(1) }#jtg-289 { width:100%;}#jtg-289 .modula-items{height:800px;}@media screen and (max-width: 992px) {#jtg-289 .modula-items{height:800px;}}@media screen and (max-width: 768px) {#jtg-289 .modula-items{height:800px;}}#jtg-289 .modula-items .figc p.description { font-size:14px; }#jtg-289 .modula-items .figc p.description { color:#ffffff;}#jtg-289.modula-gallery .modula-item > a, #jtg-289.modula-gallery .modula-item, #jtg-289.modula-gallery .modula-item-content > a:not(.modula-no-follow) { cursor:zoom-in; } #jtg-289.modula-gallery .modula-item-content .modula-no-follow { cursor: default; } @media screen and (max-width:480px){#jtg-289 .modula-item .figc .jtg-title {  font-size: 12px; }#jtg-289 .modula-items .figc p.description { color:#ffffff;font-size:10px; }}<\/style>\n<!-- Gallery Container -->\n<div  id=\"jtg-289\" class=\"modula modula-gallery modula-creative-gallery aligncenter\" data-config=\"{&quot;height&quot;:800,&quot;tabletHeight&quot;:800,&quot;mobileHeight&quot;:800,&quot;desktopHeight&quot;:800,&quot;enableTwitter&quot;:false,&quot;enableWhatsapp&quot;:false,&quot;enableFacebook&quot;:false,&quot;enablePinterest&quot;:false,&quot;enableLinkedin&quot;:false,&quot;enableEmail&quot;:false,&quot;randomFactor&quot;:0.5,&quot;type&quot;:&quot;creative-gallery&quot;,&quot;columns&quot;:12,&quot;gutter&quot;:10,&quot;mobileGutter&quot;:10,&quot;tabletGutter&quot;:10,&quot;desktopGutter&quot;:10,&quot;enableResponsive&quot;:&quot;0&quot;,&quot;tabletColumns&quot;:&quot;2&quot;,&quot;mobileColumns&quot;:&quot;1&quot;,&quot;lazyLoad&quot;:&quot;1&quot;,&quot;lightboxOpts&quot;:{&quot;loop&quot;:false,&quot;arrows&quot;:true,&quot;toolbar&quot;:true,&quot;keyboard&quot;:false,&quot;wheel&quot;:false,&quot;buttons&quot;:[&quot;close&quot;],&quot;hash&quot;:false,&quot;lang&quot;:&quot;en&quot;,&quot;touch&quot;:false,&quot;protect&quot;:false,&quot;i18n&quot;:{&quot;en&quot;:{&quot;CLOSE&quot;:&quot;Close&quot;,&quot;NEXT&quot;:&quot;Next&quot;,&quot;PREV&quot;:&quot;Previous&quot;,&quot;Error&quot;:&quot;The requested content cannot be loaded. Please try again later.&quot;,&quot;PLAY_START&quot;:&quot;Start slideshow&quot;,&quot;PLAY_STOP&quot;:&quot;Pause slideshow&quot;,&quot;FULL_SCREEN&quot;:&quot;Full screen&quot;,&quot;THUMBS&quot;:&quot;Thumbnails&quot;,&quot;DOWNLOAD&quot;:&quot;Download&quot;,&quot;SHARE&quot;:&quot;Share&quot;,&quot;ZOOM&quot;:&quot;Zoom&quot;}},&quot;clickSlide&quot;:false,&quot;clickOutside&quot;:false,&quot;dblclickContent&quot;:false,&quot;dblclickSlide&quot;:false,&quot;dblclickOutside&quot;:false,&quot;clickContent&quot;:false,&quot;baseTpl&quot;:&quot;&lt;div class=\\&quot;modula-fancybox-container modula-lightbox-jtg-289\\&quot; role=\\&quot;dialog\\&quot; tabindex=\\&quot;-1\\&quot;&gt;&lt;div class=\\&quot;modula-fancybox-bg\\&quot;&gt;&lt;\\\/div&gt;&lt;div class=\\&quot;modula-fancybox-inner\\&quot;&gt;&lt;div class=\\&quot;modula-fancybox-infobar\\&quot;&gt;&lt;span data-fancybox-index&gt;&lt;\\\/span&gt;&nbsp;\\\/&nbsp;&lt;span data-fancybox-count&gt;&lt;\\\/span&gt;&lt;\\\/div&gt;&lt;div class=\\&quot;modula-fancybox-toolbar\\&quot;&gt;{{buttons}}&lt;\\\/div&gt;&lt;div class=\\&quot;modula-fancybox-navigation\\&quot;&gt;{{arrows}}&lt;\\\/div&gt;&lt;div class=\\&quot;modula-fancybox-stage\\&quot;&gt;&lt;\\\/div&gt;&lt;div class=\\&quot;modula-fancybox-caption\\&quot;&gt;&lt;div class=\\&quot;modula-fancybox-caption__body\\&quot;&gt;&lt;\\\/div&gt;&lt;\\\/div&gt;&lt;\\\/div&gt;&lt;\\\/div&gt;&quot;},&quot;inView&quot;:false,&quot;email_subject&quot;:&quot;Check out this awesome image !!&quot;,&quot;email_message&quot;:&quot;Here is the link to the image : %%image_link%% and this is the link to the gallery : %%gallery_link%%&quot;,&quot;lightbox&quot;:&quot;fancybox&quot;}\">\n\n\t\n\t<!-- Items Container -->\n\t<div  class=\"modula-items\">\n\t\t<div class=\"modula-item effect-pufrobo\" >\n\t<div class=\"modula-item-overlay\"><\/div>\n\n\t<div class=\"modula-item-content\">\n\n\t\t\t\t\n\t\t\t\t\t<a data-image-id=\"290\" rel=\"jtg-289\" data-caption=\"\" aria-label=\"Open image in lightbox\" class=\"tile-inner modula-item-link\"><\/a>\n\t\t\n\t\t<img class=\"pic wp-image-290 lazyload\"  data-valign=\"middle\" data-halign=\"center\" alt=\"\" data-full=\"https:\/\/centrobelfiore.com\/wp-content\/uploads\/2023\/06\/1686133082987-1.jpg\" title=\"1686133082987\" width=\"300\" height=\"135\" data-src=\"https:\/\/centrobelfiore.com\/wp-content\/uploads\/2023\/06\/1686133082987-1.jpg\" data-caption=\"\" data-source=\"modula\"\/>\n\t\t<div class=\"figc no-description\">\n\t\t\t<div class=\"figc-inner\">\n\t\t\t\t\t\t\t\t\t\t\t\t\t\t\t<\/div>\n\t\t<\/div>\n\n\t<\/div>\n\n<\/div><div class=\"modula-item effect-pufrobo\" >\n\t<div class=\"modula-item-overlay\"><\/div>\n\n\t<div class=\"modula-item-content\">\n\n\t\t\t\t\n\t\t\t\t\t<a data-image-id=\"291\" rel=\"jtg-289\" data-caption=\"\" aria-label=\"Open image in lightbox\" class=\"tile-inner modula-item-link\"><\/a>\n\t\t\n\t\t<img class=\"pic wp-image-291 lazyload\"  data-valign=\"middle\" data-halign=\"center\" alt=\"\" data-full=\"https:\/\/centrobelfiore.com\/wp-content\/uploads\/2023\/06\/1686133083001-1.webp\" title=\"1686133083001\" width=\"300\" height=\"300\" data-src=\"https:\/\/centrobelfiore.com\/wp-content\/uploads\/2023\/06\/1686133083001-1.webp\" data-caption=\"\" data-source=\"modula\"\/>\n\t\t<div class=\"figc no-description\">\n\t\t\t<div class=\"figc-inner\">\n\t\t\t\t\t\t\t\t\t\t\t\t\t\t\t<\/div>\n\t\t<\/div>\n\n\t<\/div>\n\n<\/div><div class=\"modula-item effect-pufrobo\" >\n\t<div class=\"modula-item-overlay\"><\/div>\n\n\t<div class=\"modula-item-content\">\n\n\t\t\t\t\n\t\t\t\t\t<a data-image-id=\"292\" rel=\"jtg-289\" data-caption=\"\" aria-label=\"Open image in lightbox\" class=\"tile-inner modula-item-link\"><\/a>\n\t\t\n\t\t<img class=\"pic wp-image-292 lazyload\"  data-valign=\"middle\" data-halign=\"center\" alt=\"\" data-full=\"https:\/\/centrobelfiore.com\/wp-content\/uploads\/2023\/06\/Miele1-1.jpg\" title=\"Miele1\" width=\"300\" height=\"199\" data-src=\"https:\/\/centrobelfiore.com\/wp-content\/uploads\/2023\/06\/Miele1-1.jpg\" data-caption=\"\" data-source=\"modula\"\/>\n\t\t<div class=\"figc no-description\">\n\t\t\t<div class=\"figc-inner\">\n\t\t\t\t\t\t\t\t\t\t\t\t\t\t\t<\/div>\n\t\t<\/div>\n\n\t<\/div>\n\n<\/div><div class=\"modula-item effect-pufrobo\" >\n\t<div class=\"modula-item-overlay\"><\/div>\n\n\t<div class=\"modula-item-content\">\n\n\t\t\t\t\n\t\t\t\t\t<a data-image-id=\"293\" rel=\"jtg-289\" data-caption=\"\" aria-label=\"Open image in lightbox\" class=\"tile-inner modula-item-link\"><\/a>\n\t\t\n\t\t<img class=\"pic wp-image-293 lazyload\"  data-valign=\"middle\" data-halign=\"center\" alt=\"\" data-full=\"https:\/\/centrobelfiore.com\/wp-content\/uploads\/2023\/06\/Screenshot_2023-06-03-21-42-25-840_com.instagram.android-2.jpg\" title=\"Screenshot_2023-06-03-21-42-25-840_com.instagram.android\" width=\"300\" height=\"266\" data-src=\"https:\/\/centrobelfiore.com\/wp-content\/uploads\/2023\/06\/Screenshot_2023-06-03-21-42-25-840_com.instagram.android-2.jpg\" data-caption=\"\" data-source=\"modula\"\/>\n\t\t<div class=\"figc no-description\">\n\t\t\t<div class=\"figc-inner\">\n\t\t\t\t\t\t\t\t\t\t\t\t\t\t\t<\/div>\n\t\t<\/div>\n\n\t<\/div>\n\n<\/div>\t\t\n\t<\/div>\n\n\t\n\t\n\t<script type=\"application\/ld+json\">\n\t{\n\t\t\"@context\": \"http:\/\/schema.org\",\n\t\t\"@type\"   : \"ImageGallery\",\n\t\t\"id\"      : \"https:\/\/centrobelfiore.com\",\n\t\t\"url\"     : \"https:\/\/centrobelfiore.com\"\n\t}\n\n    <\/script>\n\n\t\n<\/div>\n\n\n\n\n<p><\/p>\n\n\n\n<p><\/p>\n","protected":false},"excerpt":{"rendered":"<p>Al Centro Belfiore abbiamo anche una piccola produzione di miele. Le nostre api vengono seguite durante tutto il corso dell&#8217;anno cos\u00ec che arrivino pronte e forti in primavera e possano produrre miele, che in parte gli viene lasciato come scorta e in parte viene prelevato per il consumo. Oltre a questo, l\u2019ape \u00e8&#8230;<\/p>\n","protected":false},"author":1,"featured_media":0,"parent":0,"menu_order":0,"comment_status":"closed","ping_status":"closed","template":"","meta":{"footnotes":""},"class_list":["post-119","page","type-page","status-publish","hentry"],"_links":{"self":[{"href":"https:\/\/centrobelfiore.com\/index.php?rest_route=\/wp\/v2\/pages\/119","targetHints":{"allow":["GET"]}}],"collection":[{"href":"https:\/\/centrobelfiore.com\/index.php?rest_route=\/wp\/v2\/pages"}],"about":[{"href":"https:\/\/centrobelfiore.com\/index.php?rest_route=\/wp\/v2\/types\/page"}],"author":[{"embeddable":true,"href":"https:\/\/centrobelfiore.com\/index.php?rest_route=\/wp\/v2\/users\/1"}],"replies":[{"embeddable":true,"href":"https:\/\/centrobelfiore.com\/index.php?rest_route=%2Fwp%2Fv2%2Fcomments&post=119"}],"version-history":[{"count":6,"href":"https:\/\/centrobelfiore.com\/index.php?rest_route=\/wp\/v2\/pages\/119\/revisions"}],"predecessor-version":[{"id":295,"href":"https:\/\/centrobelfiore.com\/index.php?rest_route=\/wp\/v2\/pages\/119\/revisions\/295"}],"wp:attachment":[{"href":"https:\/\/centrobelfiore.com\/index.php?rest_route=%2Fwp%2Fv2%2Fmedia&parent=119"}],"curies":[{"name":"wp","href":"https:\/\/api.w.org\/{rel}","templated":true}]}}