{"id":134,"date":"2023-06-03T20:15:25","date_gmt":"2023-06-03T20:15:25","guid":{"rendered":"http:\/\/centrobelfiore.com\/?page_id=134"},"modified":"2023-06-06T21:23:58","modified_gmt":"2023-06-06T21:23:58","slug":"i-border-collie","status":"publish","type":"page","link":"https:\/\/centrobelfiore.com\/?page_id=134","title":{"rendered":"I Border collie"},"content":{"rendered":"\n<p class=\"has-text-align-center has-medium-font-size\" style=\"font-style:italic;font-weight:400\">Qui al Centro Belfiore vivono anche sei fantastici Border Collie: Unica, Danito, Regina, Lexa, Cora e Fiera.<\/p>\n\n\n\n<p class=\"has-text-align-center has-medium-font-size\" style=\"font-style:italic;font-weight:400\">La razza \u00e8 di origine inglese e risale gi\u00e0 al 1700. <\/p>\n\n\n\n<p class=\"has-text-align-center has-medium-font-size\" style=\"font-style:italic;font-weight:400\">Il&nbsp;<strong>Border Collie<\/strong>&nbsp;\u00e8 un discendente dei cani pastori di renna importati dai Vichinghi in Scozia ed in un secondo tempo incrociati con i Pastori di Val\u00e8e e, per secoli, \u00e8 stato selezionato esclusivamente per guidare e proteggere i greggi.<\/p>\n\n\n\n<p class=\"has-text-align-center has-medium-font-size\" style=\"font-style:italic;font-weight:400\">Con il passare del tempo \u00e8 diventato il perfetto ausiliare del pastore tanto da diventare il cane pi\u00f9 utilizzato per questo impiego.<\/p>\n\n\n\n<p class=\"has-text-align-center has-medium-font-size\" style=\"font-style:italic;font-weight:400\">Il&nbsp;<strong>Border Collie<\/strong>&nbsp;\u00e8 un cane dotato di grande intelligenza, ubbidiente, facilmente addestrabile, energico e disponibile, un perfetto&nbsp;<strong>cane da compagnia<\/strong>.<\/p>\n\n\n\n<p class=\"has-text-align-center has-medium-font-size\" style=\"font-style:italic;font-weight:400\">I nostri ci accompagnano in tutte le escursioni ed avventure a cavallo, instancabili e fedeli compagni, qui potrai giocare con loro o semplicemente conoscere questa razza e le sue attitudini.<\/p>\n\n\n\n<p class=\"has-text-align-center has-medium-font-size\" style=\"font-style:italic;font-weight:400\">Vieni a conoscerli, ti aspettiamo!<\/p>\n\n\n\n<div class=\"wp-block-soliloquy-soliloquywp\"><div aria-live=\"polite\" id=\"soliloquy-container-170\" class=\"soliloquy-container soliloquy-transition-fade  soliloquy-theme-base\" style=\"max-width:960px;max-height:300px;\"><ul id=\"soliloquy-170\" class=\"soliloquy-slider soliloquy-slides soliloquy-wrap soliloquy-clear\"><li aria-hidden=\"true\" class=\"soliloquy-item soliloquy-item-1 soliloquy-image-slide\" draggable=\"false\" style=\"list-style:none\"><img decoding=\"async\" id=\"soliloquy-image-171\" class=\"soliloquy-image soliloquy-image-1\" src=\"https:\/\/centrobelfiore.com\/wp-content\/uploads\/2023\/06\/Screenshot_2023-06-03-22-02-05-240_com.instagram.android-1.jpg\" alt=\"Screenshot_2023-06-03-22-02-05-240_com.instagram.android\" \/><\/li><li aria-hidden=\"true\" class=\"soliloquy-item soliloquy-item-2 soliloquy-image-slide\" draggable=\"false\" style=\"list-style:none\"><img decoding=\"async\" id=\"soliloquy-image-172\" class=\"soliloquy-image soliloquy-image-2\" src=\"https:\/\/centrobelfiore.com\/wp-content\/uploads\/2023\/06\/Screenshot_2023-06-03-22-02-22-465_com.instagram.android-1.jpg\" alt=\"Screenshot_2023-06-03-22-02-22-465_com.instagram.android\" \/><\/li><li aria-hidden=\"true\" class=\"soliloquy-item soliloquy-item-3 soliloquy-image-slide\" draggable=\"false\" style=\"list-style:none\"><img decoding=\"async\" id=\"soliloquy-image-173\" class=\"soliloquy-image soliloquy-image-3\" src=\"https:\/\/centrobelfiore.com\/wp-content\/uploads\/2023\/06\/Screenshot_2023-06-03-22-02-28-006_com.instagram.android-1.jpg\" alt=\"Screenshot_2023-06-03-22-02-28-006_com.instagram.android\" \/><\/li><li aria-hidden=\"true\" class=\"soliloquy-item soliloquy-item-4 soliloquy-image-slide\" draggable=\"false\" style=\"list-style:none\"><img decoding=\"async\" id=\"soliloquy-image-174\" class=\"soliloquy-image soliloquy-image-4\" src=\"https:\/\/centrobelfiore.com\/wp-content\/uploads\/2023\/06\/Screenshot_2023-06-03-22-02-36-054_com.instagram.android-1.jpg\" alt=\"Screenshot_2023-06-03-22-02-36-054_com.instagram.android\" \/><\/li><li aria-hidden=\"true\" class=\"soliloquy-item soliloquy-item-5 soliloquy-image-slide\" draggable=\"false\" style=\"list-style:none\"><img decoding=\"async\" id=\"soliloquy-image-175\" class=\"soliloquy-image soliloquy-image-5\" src=\"https:\/\/centrobelfiore.com\/wp-content\/uploads\/2023\/06\/Screenshot_2023-06-03-22-02-40-359_com.instagram.android-2.jpg\" alt=\"Screenshot_2023-06-03-22-02-40-359_com.instagram.android\" \/><\/li><li aria-hidden=\"true\" class=\"soliloquy-item soliloquy-item-6 soliloquy-image-slide\" draggable=\"false\" style=\"list-style:none\"><img decoding=\"async\" id=\"soliloquy-image-176\" class=\"soliloquy-image soliloquy-image-6\" src=\"https:\/\/centrobelfiore.com\/wp-content\/uploads\/2023\/06\/Screenshot_2023-06-03-22-02-52-367_com.instagram.android-1.jpg\" alt=\"Screenshot_2023-06-03-22-02-52-367_com.instagram.android\" \/><\/li><li aria-hidden=\"true\" class=\"soliloquy-item soliloquy-item-7 soliloquy-image-slide\" draggable=\"false\" style=\"list-style:none\"><img decoding=\"async\" id=\"soliloquy-image-177\" class=\"soliloquy-image soliloquy-image-7\" src=\"https:\/\/centrobelfiore.com\/wp-content\/uploads\/2023\/06\/Screenshot_2023-06-03-22-03-00-671_com.instagram.android-1.jpg\" alt=\"Screenshot_2023-06-03-22-03-00-671_com.instagram.android\" \/><\/li><li aria-hidden=\"true\" class=\"soliloquy-item soliloquy-item-8 soliloquy-image-slide\" draggable=\"false\" style=\"list-style:none\"><img decoding=\"async\" id=\"soliloquy-image-178\" class=\"soliloquy-image soliloquy-image-8\" src=\"https:\/\/centrobelfiore.com\/wp-content\/uploads\/2023\/06\/Screenshot_2023-06-03-22-03-15-627_com.instagram.android-1.jpg\" alt=\"Screenshot_2023-06-03-22-03-15-627_com.instagram.android\" \/><\/li><li aria-hidden=\"true\" class=\"soliloquy-item soliloquy-item-9 soliloquy-image-slide\" draggable=\"false\" style=\"list-style:none\"><img decoding=\"async\" id=\"soliloquy-image-179\" class=\"soliloquy-image soliloquy-image-9\" src=\"https:\/\/centrobelfiore.com\/wp-content\/uploads\/2023\/06\/Screenshot_2023-06-03-22-03-24-107_com.instagram.android-1.jpg\" alt=\"Screenshot_2023-06-03-22-03-24-107_com.instagram.android\" \/><\/li><li aria-hidden=\"true\" class=\"soliloquy-item soliloquy-item-10 soliloquy-image-slide\" draggable=\"false\" style=\"list-style:none\"><img decoding=\"async\" id=\"soliloquy-image-296\" class=\"soliloquy-image soliloquy-image-10\" src=\"https:\/\/centrobelfiore.com\/wp-content\/uploads\/2023\/06\/1686133082973.jpg\" alt=\"1686133082973\" \/><\/li><\/ul><\/div><noscript><style type=\"text\/css\">#soliloquy-container-170{opacity:1}<\/style><\/noscript><\/div>\n","protected":false},"excerpt":{"rendered":"<p>Qui al Centro Belfiore vivono anche sei fantastici Border Collie: Unica, Danito, Regina, Lexa, Cora e Fiera. La razza \u00e8 di origine inglese e risale gi\u00e0 al 1700. Il&nbsp;Border Collie&nbsp;\u00e8 un discendente dei cani pastori di renna importati dai Vichinghi in Scozia ed in un secondo tempo incrociati con i Pastori di Val\u00e8e&#8230;<\/p>\n","protected":false},"author":1,"featured_media":0,"parent":0,"menu_order":0,"comment_status":"closed","ping_status":"closed","template":"","meta":{"footnotes":""},"class_list":["post-134","page","type-page","status-publish","hentry"],"_links":{"self":[{"href":"https:\/\/centrobelfiore.com\/index.php?rest_route=\/wp\/v2\/pages\/134","targetHints":{"allow":["GET"]}}],"collection":[{"href":"https:\/\/centrobelfiore.com\/index.php?rest_route=\/wp\/v2\/pages"}],"about":[{"href":"https:\/\/centrobelfiore.com\/index.php?rest_route=\/wp\/v2\/types\/page"}],"author":[{"embeddable":true,"href":"https:\/\/centrobelfiore.com\/index.php?rest_route=\/wp\/v2\/users\/1"}],"replies":[{"embeddable":true,"href":"https:\/\/centrobelfiore.com\/index.php?rest_route=%2Fwp%2Fv2%2Fcomments&post=134"}],"version-history":[{"count":5,"href":"https:\/\/centrobelfiore.com\/index.php?rest_route=\/wp\/v2\/pages\/134\/revisions"}],"predecessor-version":[{"id":240,"href":"https:\/\/centrobelfiore.com\/index.php?rest_route=\/wp\/v2\/pages\/134\/revisions\/240"}],"wp:attachment":[{"href":"https:\/\/centrobelfiore.com\/index.php?rest_route=%2Fwp%2Fv2%2Fmedia&parent=134"}],"curies":[{"name":"wp","href":"https:\/\/api.w.org\/{rel}","templated":true}]}}