{"id":408,"date":"2023-06-09T10:00:37","date_gmt":"2023-06-09T10:00:37","guid":{"rendered":"http:\/\/centrobelfiore.com\/?page_id=408"},"modified":"2023-06-09T12:51:50","modified_gmt":"2023-06-09T12:51:50","slug":"i-progetti-per-i-piu-piccoli-ok","status":"publish","type":"page","link":"https:\/\/centrobelfiore.com\/?page_id=408","title":{"rendered":"CENTRI ESTIVI"},"content":{"rendered":"\n<p class=\"has-text-align-center has-medium-font-size\" style=\"font-style:italic;font-weight:400\">Al Centro Belfiore la parola d&#8217;ordine e&#8217; sicuramente NATURA!<\/p>\n\n\n\n<p class=\"has-text-align-center has-medium-font-size\" style=\"font-style:italic;font-weight:400\">Qui non s&#8217;impara solo ad andare a cavallo, ma si fanno tantissimi progetti per i bambini e i ragazzi di tutte le et\u00e0 a strettissimo contatto con gli animali e con l&#8217;ambiente che ci circonda.<\/p>\n\n\n<div class=\"wp-block-image\">\n<figure class=\"aligncenter size-full is-resized\"><img loading=\"lazy\" decoding=\"async\" src=\"http:\/\/centrobelfiore.com\/wp-content\/uploads\/2023\/06\/1686218979477-1.jpg\" alt=\"\" class=\"wp-image-411\" width=\"488\" height=\"706\"\/><\/figure>\n<\/div>\n\n\n<p class=\"has-text-align-center has-medium-font-size\" style=\"font-style:italic;font-weight:400\">Naturalmente Estate \u00e8 il progetto di CAMPI ESTIVI nato in collaborazione con l&#8217;<a href=\"http:\/\/www.associazionespazio3.it\/\">associazione Spazio3<\/a> <\/p>\n\n\n\n<p class=\"has-text-align-center has-medium-font-size\" style=\"font-style:italic;font-weight:400\">E&#8217; un progetto giovane e ricco di idee e novit\u00e0 dove le attivit\u00e0 che proponiamo spaziano dall&#8217;equitazione all&#8217;apicoltura, dalla falconeria alle attivit\u00e0 di pet teraphy con i <a href=\"http:\/\/centrobelfiore.com\/wp-admin\/post.php?post=134&amp;action=edit\">border collie<\/a> del Centro, dalla botanica al mosaico, dalla fumettistica allo yoga, dove la storia si studia all&#8217;aperto e si scopre che le &#8220;tempere&#8221; si possono ricavare dai fiori&#8230; Quello che \u00e8 certo \u00e8 che qui \u00e8 impossibile annoiarsi!<\/p>\n\n\n\n<p class=\"has-text-align-center has-medium-font-size\" style=\"font-style:italic;font-weight:400\">Crediamo molto nell&#8217;outdoor education e cerchiamo di dar modo ai ragazzi di avvicinarsi a tutta una serie di attivit\u00e0 che non si possono fare a scuola o in altri contesti, cercando quanto pi\u00f9 possibile di sensibilizzarli alla bellezza che ci circonda e all&#8217;importanza di certi temi.<\/p>\n\n\n\n<p class=\"has-text-align-center has-medium-font-size\" style=\"font-style:italic;font-weight:400\">Si gioca tanto, ci si diverte, ma la cosa pi\u00f9 bella \u00e8 che mentre facciamo tutto questo s&#8217;impara&#8230; S&#8217;imparano sicuramente cose nuove, s&#8217;impara a divertirsi, a ragionare, a comportarsi in gruppo, a trovare soluzioni ed affrontare situazioni diverse. Si cresce inisieme ai compagni, si cresce sporcandosi le ginocchia e sperimentando, facendosi domande, imparando quanto \u00e8 bella la curiosit\u00e0.<\/p>\n\n\n\n<div class=\"wp-block-soliloquy-soliloquywp\"><div aria-live=\"polite\" id=\"soliloquy-container-337\" class=\"soliloquy-container soliloquy-transition-fade  soliloquy-theme-base\" style=\"max-width:960px;max-height:300px;\"><ul id=\"soliloquy-337\" class=\"soliloquy-slider soliloquy-slides soliloquy-wrap soliloquy-clear\"><li aria-hidden=\"true\" class=\"soliloquy-item soliloquy-item-1 soliloquy-image-slide\" draggable=\"false\" style=\"list-style:none\"><img decoding=\"async\" id=\"soliloquy-image-341\" class=\"soliloquy-image soliloquy-image-1\" src=\"https:\/\/centrobelfiore.com\/wp-content\/uploads\/2023\/06\/Screenshot_2023-06-03-21-52-47-188_com.instagram.android-2.jpg\" alt=\"Screenshot_2023-06-03-21-52-47-188_com.instagram.android\" \/><\/li><li aria-hidden=\"true\" class=\"soliloquy-item soliloquy-item-2 soliloquy-image-slide\" draggable=\"false\" style=\"list-style:none\"><img decoding=\"async\" id=\"soliloquy-image-339\" class=\"soliloquy-image soliloquy-image-2\" src=\"https:\/\/centrobelfiore.com\/wp-content\/uploads\/2023\/06\/Screenshot_2023-06-06-23-12-24-753_com.instagram.android-1.jpg\" alt=\"Screenshot_2023-06-06-23-12-24-753_com.instagram.android\" \/><\/li><li aria-hidden=\"true\" class=\"soliloquy-item soliloquy-item-3 soliloquy-image-slide\" draggable=\"false\" style=\"list-style:none\"><img decoding=\"async\" id=\"soliloquy-image-340\" class=\"soliloquy-image soliloquy-image-3\" src=\"https:\/\/centrobelfiore.com\/wp-content\/uploads\/2023\/06\/Screenshot_2023-06-03-21-50-28-079_com.instagram.android-1.jpg\" alt=\"Screenshot_2023-06-03-21-50-28-079_com.instagram.android\" \/><\/li><li aria-hidden=\"true\" class=\"soliloquy-item soliloquy-item-4 soliloquy-image-slide\" draggable=\"false\" style=\"list-style:none\"><img decoding=\"async\" id=\"soliloquy-image-338\" class=\"soliloquy-image soliloquy-image-4\" src=\"https:\/\/centrobelfiore.com\/wp-content\/uploads\/2023\/06\/1686133083001-2.webp\" alt=\"1686133083001\" \/><\/li><li aria-hidden=\"true\" class=\"soliloquy-item soliloquy-item-5 soliloquy-image-slide\" draggable=\"false\" style=\"list-style:none\"><img decoding=\"async\" id=\"soliloquy-image-342\" class=\"soliloquy-image soliloquy-image-5\" src=\"https:\/\/centrobelfiore.com\/wp-content\/uploads\/2023\/06\/Screenshot_2023-06-03-21-51-39-097_com.instagram.android.jpg\" alt=\"Screenshot_2023-06-03-21-51-39-097_com.instagram.android\" \/><\/li><li aria-hidden=\"true\" class=\"soliloquy-item soliloquy-item-6 soliloquy-image-slide\" draggable=\"false\" style=\"list-style:none\"><img decoding=\"async\" id=\"soliloquy-image-343\" class=\"soliloquy-image soliloquy-image-6\" src=\"https:\/\/centrobelfiore.com\/wp-content\/uploads\/2023\/06\/Screenshot_2023-06-03-21-51-44-341_com.instagram.android.jpg\" alt=\"Screenshot_2023-06-03-21-51-44-341_com.instagram.android\" \/><\/li><li aria-hidden=\"true\" class=\"soliloquy-item soliloquy-item-7 soliloquy-image-slide\" draggable=\"false\" style=\"list-style:none\"><img decoding=\"async\" id=\"soliloquy-image-344\" class=\"soliloquy-image soliloquy-image-7\" src=\"https:\/\/centrobelfiore.com\/wp-content\/uploads\/2023\/06\/Screenshot_2023-06-03-21-51-49-629_com.instagram.android.jpg\" alt=\"Screenshot_2023-06-03-21-51-49-629_com.instagram.android\" \/><\/li><li aria-hidden=\"true\" class=\"soliloquy-item soliloquy-item-8 soliloquy-image-slide\" draggable=\"false\" style=\"list-style:none\"><img decoding=\"async\" id=\"soliloquy-image-345\" class=\"soliloquy-image soliloquy-image-8\" src=\"https:\/\/centrobelfiore.com\/wp-content\/uploads\/2023\/06\/Screenshot_2023-06-03-21-51-54-447_com.instagram.android.jpg\" alt=\"Screenshot_2023-06-03-21-51-54-447_com.instagram.android\" \/><\/li><li aria-hidden=\"true\" class=\"soliloquy-item soliloquy-item-9 soliloquy-image-slide\" draggable=\"false\" style=\"list-style:none\"><img decoding=\"async\" id=\"soliloquy-image-347\" class=\"soliloquy-image soliloquy-image-9\" src=\"https:\/\/centrobelfiore.com\/wp-content\/uploads\/2023\/06\/Screenshot_2023-06-03-21-53-14-506_com.instagram.android.jpg\" alt=\"Screenshot_2023-06-03-21-53-14-506_com.instagram.android\" \/><\/li><li aria-hidden=\"true\" class=\"soliloquy-item soliloquy-item-10 soliloquy-image-slide\" draggable=\"false\" style=\"list-style:none\"><img decoding=\"async\" id=\"soliloquy-image-346\" class=\"soliloquy-image soliloquy-image-10\" src=\"https:\/\/centrobelfiore.com\/wp-content\/uploads\/2023\/06\/Screenshot_2023-06-03-21-52-09-822_com.instagram.android.jpg\" alt=\"Screenshot_2023-06-03-21-52-09-822_com.instagram.android\" \/><\/li><li aria-hidden=\"true\" class=\"soliloquy-item soliloquy-item-11 soliloquy-image-slide\" draggable=\"false\" style=\"list-style:none\"><img decoding=\"async\" id=\"soliloquy-image-353\" class=\"soliloquy-image soliloquy-image-11\" src=\"https:\/\/centrobelfiore.com\/wp-content\/uploads\/2023\/06\/1686257304642.jpg\" alt=\"1686257304642\" \/><\/li><li aria-hidden=\"true\" class=\"soliloquy-item soliloquy-item-12 soliloquy-image-slide\" draggable=\"false\" style=\"list-style:none\"><img decoding=\"async\" id=\"soliloquy-image-354\" class=\"soliloquy-image soliloquy-image-12\" src=\"https:\/\/centrobelfiore.com\/wp-content\/uploads\/2023\/06\/1686257304655.jpg\" alt=\"1686257304655\" \/><\/li><li aria-hidden=\"true\" class=\"soliloquy-item soliloquy-item-13 soliloquy-image-slide\" draggable=\"false\" style=\"list-style:none\"><img decoding=\"async\" id=\"soliloquy-image-355\" class=\"soliloquy-image soliloquy-image-13\" src=\"https:\/\/centrobelfiore.com\/wp-content\/uploads\/2023\/06\/1686257304754.webp\" alt=\"1686257304754\" \/><\/li><li aria-hidden=\"true\" class=\"soliloquy-item soliloquy-item-14 soliloquy-image-slide\" draggable=\"false\" style=\"list-style:none\"><img decoding=\"async\" id=\"soliloquy-image-356\" class=\"soliloquy-image soliloquy-image-14\" src=\"https:\/\/centrobelfiore.com\/wp-content\/uploads\/2023\/06\/IMG-20230608-WA0070.jpg\" alt=\"IMG-20230608-WA0070\" \/><\/li><\/ul><\/div><noscript><style type=\"text\/css\">#soliloquy-container-337{opacity:1}<\/style><\/noscript><\/div>\n\n\n\n<p class=\"has-text-align-center has-medium-font-size\" style=\"font-style:italic;font-weight:400\"><\/p>\n","protected":false},"excerpt":{"rendered":"<p>Al Centro Belfiore la parola d&#8217;ordine e&#8217; sicuramente NATURA! Qui non s&#8217;impara solo ad andare a cavallo, ma si fanno tantissimi progetti per i bambini e i ragazzi di tutte le et\u00e0 a strettissimo contatto con gli animali e con l&#8217;ambiente che ci circonda. Naturalmente Estate \u00e8 il progetto di CAMPI ESTIVI nato&#8230;<\/p>\n","protected":false},"author":1,"featured_media":0,"parent":0,"menu_order":0,"comment_status":"closed","ping_status":"closed","template":"","meta":{"footnotes":""},"class_list":["post-408","page","type-page","status-publish","hentry"],"_links":{"self":[{"href":"https:\/\/centrobelfiore.com\/index.php?rest_route=\/wp\/v2\/pages\/408","targetHints":{"allow":["GET"]}}],"collection":[{"href":"https:\/\/centrobelfiore.com\/index.php?rest_route=\/wp\/v2\/pages"}],"about":[{"href":"https:\/\/centrobelfiore.com\/index.php?rest_route=\/wp\/v2\/types\/page"}],"author":[{"embeddable":true,"href":"https:\/\/centrobelfiore.com\/index.php?rest_route=\/wp\/v2\/users\/1"}],"replies":[{"embeddable":true,"href":"https:\/\/centrobelfiore.com\/index.php?rest_route=%2Fwp%2Fv2%2Fcomments&post=408"}],"version-history":[{"count":9,"href":"https:\/\/centrobelfiore.com\/index.php?rest_route=\/wp\/v2\/pages\/408\/revisions"}],"predecessor-version":[{"id":451,"href":"https:\/\/centrobelfiore.com\/index.php?rest_route=\/wp\/v2\/pages\/408\/revisions\/451"}],"wp:attachment":[{"href":"https:\/\/centrobelfiore.com\/index.php?rest_route=%2Fwp%2Fv2%2Fmedia&parent=408"}],"curies":[{"name":"wp","href":"https:\/\/api.w.org\/{rel}","templated":true}]}}