{"id":96,"date":"2023-06-01T17:52:41","date_gmt":"2023-06-01T17:52:41","guid":{"rendered":"http:\/\/centrobelfiore.com\/?page_id=96"},"modified":"2023-06-09T10:24:18","modified_gmt":"2023-06-09T10:24:18","slug":"i-progetti-per-i-piu-piccoli","status":"publish","type":"page","link":"https:\/\/centrobelfiore.com\/?page_id=96","title":{"rendered":"PONY CAMP"},"content":{"rendered":"\n<p class=\"has-text-align-center has-medium-font-size\" style=\"font-style:italic;font-weight:400\">Al Centro Belfiore la parola d&#8217;ordine e&#8217;sicuramente NATURA!<\/p>\n\n\n\n<p class=\"has-text-align-center has-medium-font-size\" style=\"font-style:italic;font-weight:400\">Qui non s&#8217;impara solo ad andare a cavallo, ma si fanno tantissimi progetti per i bambini e i ragazzi di tutte le et\u00e0 a strettissimo contatto con gli animali e con l&#8217;ambiente che ci circonda.<\/p>\n\n\n<div class=\"wp-block-image\">\n<figure class=\"aligncenter size-full is-resized\"><img loading=\"lazy\" decoding=\"async\" src=\"http:\/\/centrobelfiore.com\/wp-content\/uploads\/2023\/06\/1686218979452-2.jpg\" alt=\"\" class=\"wp-image-445\" width=\"514\" height=\"727\"\/><\/figure>\n<\/div>\n\n\n<p class=\"has-text-align-center has-medium-font-size\" style=\"font-style:italic;font-weight:400\">Il Pony Camp, anch&#8217;esso svolto in collaborazione con l&#8217;<a href=\"http:\/\/www.associazionespazio3.it\/\">associazione Spazio3<\/a>,  nasce con l&#8217;intenzione di dare l&#8217;opportunit\u00e0 a tutti i ragazzi appassionati di equitazione e in generale del mondo dei cavalli, di vivere due giorni di &#8220;full immersione&#8221; in questo ambiente.<\/p>\n\n\n\n<p class=\"has-text-align-center has-medium-font-size\" style=\"font-style:italic;font-weight:400\">Sono due giorni in cui ci si diverte un sacco, si fanno lezioni teoriche e approfondimenti, s&#8217;impara a sellare e a prendersi cura di un animale cos\u00ec grade, ma ci si sporca anche la mani capendo ed affrontando quello che un cavallo &#8220;richiede&#8221; ogni giorno. Sono due giorni in cui, anche se lontani dalla famiglia, ci sente comunque a casa.<\/p>\n\n\n\n<p class=\"has-text-align-center has-medium-font-size\" style=\"font-style:italic;font-weight:400\">Si puliscono le stalle, si riempione le vasche dell&#8217;acqua, si d\u00e0 da mangiare ai cavalli e agli altri animali del Centro e ci si assicura che tutti siano apposto prima di iniziare le lezioni teoriche e dare ai cavalli il tempo di mangiare prima di fare lezione. Si puliscono, si preparano e via, tutti in sella! Perch\u00e8 si, al pony camp si fanno anche delle vere lezioni di equitazioni, sia per i ragazzi pi\u00f9 esperti, sia per quelli che volgiono provare ad avvicinarsi per la prima volta a questo mondo.<\/p>\n\n\n\n<p class=\"has-text-align-center has-medium-font-size\" style=\"font-style:italic;font-weight:400\">Il Pony Camp \u00e8 un campeggio vero e proprio, ci si arma di tende e sacco a pelo e si dorme con gli amici, addormentandosi tra una storia e l&#8217;latra con il rumore dei cavalli che ci circondano e in compagnia dei nostri Border Collie.<\/p>\n\n\n\n<p class=\"has-text-align-center has-medium-font-size\" style=\"font-style:italic;font-weight:400\">E&#8217; un&#8217;esperienza unica, ricca, piena di tutto: nozioni, divertimento, gioia, paure dei pi\u00f9 piccoli che per la prima volta dormono fuori, ma che si accorgono che alla fine, circondati dagli amici \u00e8 un po&#8217; come essere a casa&#8230;<\/p>\n\n\n\n<p class=\"has-text-align-center has-medium-font-size\" style=\"font-style:italic;font-weight:400\">Si torna stanchi, pieni di cose da raccontare ai genitori e agli amici di scuola, con due giorni pienissimi alle spalle e tutti un po&#8217; pi\u00f9 &#8220;grandi&#8221; di quando si \u00e8 arrivati, ma nonostante tutto, quello che ci sentiamo dire pi\u00f9 spesso dai nostri ragazzi al momento dei saluti \u00e8 &#8220;E&#8217; gi\u00e0 finito?!? Mi prometti che lo rifacciamo domani?&#8221;<\/p>\n\n\n\n<div class=\"wp-block-soliloquy-soliloquywp\"><div aria-live=\"polite\" id=\"soliloquy-container-429\" class=\"soliloquy-container soliloquy-transition-fade  soliloquy-theme-base\" style=\"max-width:960px;max-height:300px;\"><ul id=\"soliloquy-429\" class=\"soliloquy-slider soliloquy-slides soliloquy-wrap soliloquy-clear\"><li aria-hidden=\"true\" class=\"soliloquy-item soliloquy-item-1 soliloquy-image-slide\" draggable=\"false\" style=\"list-style:none\"><img decoding=\"async\" id=\"soliloquy-image-431\" class=\"soliloquy-image soliloquy-image-1\" src=\"https:\/\/centrobelfiore.com\/wp-content\/uploads\/2023\/06\/1686304125408.jpg\" alt=\"1686304125408\" \/><\/li><li aria-hidden=\"true\" class=\"soliloquy-item soliloquy-item-2 soliloquy-image-slide\" draggable=\"false\" style=\"list-style:none\"><img decoding=\"async\" id=\"soliloquy-image-432\" class=\"soliloquy-image soliloquy-image-2\" src=\"https:\/\/centrobelfiore.com\/wp-content\/uploads\/2023\/06\/1686304125422.jpg\" alt=\"1686304125422\" \/><\/li><li aria-hidden=\"true\" class=\"soliloquy-item soliloquy-item-3 soliloquy-image-slide\" draggable=\"false\" style=\"list-style:none\"><img decoding=\"async\" id=\"soliloquy-image-442\" class=\"soliloquy-image soliloquy-image-3\" src=\"https:\/\/centrobelfiore.com\/wp-content\/uploads\/2023\/06\/1686304160535.jpg\" alt=\"1686304160535\" \/><\/li><li aria-hidden=\"true\" class=\"soliloquy-item soliloquy-item-4 soliloquy-image-slide\" draggable=\"false\" style=\"list-style:none\"><img decoding=\"async\" id=\"soliloquy-image-433\" class=\"soliloquy-image soliloquy-image-4\" src=\"https:\/\/centrobelfiore.com\/wp-content\/uploads\/2023\/06\/1686304125436.jpg\" alt=\"1686304125436\" \/><\/li><li aria-hidden=\"true\" class=\"soliloquy-item soliloquy-item-5 soliloquy-image-slide\" draggable=\"false\" style=\"list-style:none\"><img decoding=\"async\" id=\"soliloquy-image-430\" class=\"soliloquy-image soliloquy-image-5\" src=\"https:\/\/centrobelfiore.com\/wp-content\/uploads\/2023\/06\/1686304125393.jpg\" alt=\"1686304125393\" \/><\/li><li aria-hidden=\"true\" class=\"soliloquy-item soliloquy-item-6 soliloquy-image-slide\" draggable=\"false\" style=\"list-style:none\"><img decoding=\"async\" id=\"soliloquy-image-435\" class=\"soliloquy-image soliloquy-image-6\" src=\"https:\/\/centrobelfiore.com\/wp-content\/uploads\/2023\/06\/1686304125463.jpg\" alt=\"1686304125463\" \/><\/li><li aria-hidden=\"true\" class=\"soliloquy-item soliloquy-item-7 soliloquy-image-slide\" draggable=\"false\" style=\"list-style:none\"><img decoding=\"async\" id=\"soliloquy-image-436\" class=\"soliloquy-image soliloquy-image-7\" src=\"https:\/\/centrobelfiore.com\/wp-content\/uploads\/2023\/06\/1686304125478.jpg\" alt=\"1686304125478\" \/><\/li><li aria-hidden=\"true\" class=\"soliloquy-item soliloquy-item-8 soliloquy-image-slide\" draggable=\"false\" style=\"list-style:none\"><img decoding=\"async\" id=\"soliloquy-image-437\" class=\"soliloquy-image soliloquy-image-8\" src=\"https:\/\/centrobelfiore.com\/wp-content\/uploads\/2023\/06\/1686304125490.jpg\" alt=\"1686304125490\" \/><\/li><li aria-hidden=\"true\" class=\"soliloquy-item soliloquy-item-9 soliloquy-image-slide\" draggable=\"false\" style=\"list-style:none\"><img decoding=\"async\" id=\"soliloquy-image-438\" class=\"soliloquy-image soliloquy-image-9\" src=\"https:\/\/centrobelfiore.com\/wp-content\/uploads\/2023\/06\/1686304125504.jpg\" alt=\"1686304125504\" \/><\/li><li aria-hidden=\"true\" class=\"soliloquy-item soliloquy-item-10 soliloquy-image-slide\" draggable=\"false\" style=\"list-style:none\"><img decoding=\"async\" id=\"soliloquy-image-439\" class=\"soliloquy-image soliloquy-image-10\" src=\"https:\/\/centrobelfiore.com\/wp-content\/uploads\/2023\/06\/1686304125515.jpg\" alt=\"1686304125515\" \/><\/li><li aria-hidden=\"true\" class=\"soliloquy-item soliloquy-item-11 soliloquy-image-slide\" draggable=\"false\" style=\"list-style:none\"><img decoding=\"async\" id=\"soliloquy-image-440\" class=\"soliloquy-image soliloquy-image-11\" src=\"https:\/\/centrobelfiore.com\/wp-content\/uploads\/2023\/06\/1686304125527.jpg\" alt=\"1686304125527\" \/><\/li><li aria-hidden=\"true\" class=\"soliloquy-item soliloquy-item-12 soliloquy-image-slide\" draggable=\"false\" style=\"list-style:none\"><img decoding=\"async\" id=\"soliloquy-image-441\" class=\"soliloquy-image soliloquy-image-12\" src=\"https:\/\/centrobelfiore.com\/wp-content\/uploads\/2023\/06\/1686304125543.jpg\" alt=\"1686304125543\" \/><\/li><li aria-hidden=\"true\" class=\"soliloquy-item soliloquy-item-13 soliloquy-image-slide\" draggable=\"false\" style=\"list-style:none\"><img decoding=\"async\" id=\"soliloquy-image-448\" class=\"soliloquy-image soliloquy-image-13\" src=\"https:\/\/centrobelfiore.com\/wp-content\/uploads\/2023\/06\/1686304125450-1.jpg\" alt=\"1686304125450\" \/><\/li><li aria-hidden=\"true\" class=\"soliloquy-item soliloquy-item-14 soliloquy-image-slide\" draggable=\"false\" style=\"list-style:none\"><img decoding=\"async\" id=\"soliloquy-image-452\" class=\"soliloquy-image soliloquy-image-14\" src=\"https:\/\/centrobelfiore.com\/wp-content\/uploads\/2023\/06\/1686315775789.jpg\" alt=\"1686315775789\" \/><\/li><\/ul><\/div><noscript><style type=\"text\/css\">#soliloquy-container-429{opacity:1}<\/style><\/noscript><\/div>\n","protected":false},"excerpt":{"rendered":"<p>Al Centro Belfiore la parola d&#8217;ordine e&#8217;sicuramente NATURA! Qui non s&#8217;impara solo ad andare a cavallo, ma si fanno tantissimi progetti per i bambini e i ragazzi di tutte le et\u00e0 a strettissimo contatto con gli animali e con l&#8217;ambiente che ci circonda. Il Pony Camp, anch&#8217;esso svolto in collaborazione con l&#8217;associazione Spazio3,&#8230;<\/p>\n","protected":false},"author":1,"featured_media":0,"parent":0,"menu_order":0,"comment_status":"closed","ping_status":"closed","template":"","meta":{"footnotes":""},"class_list":["post-96","page","type-page","status-publish","hentry"],"_links":{"self":[{"href":"https:\/\/centrobelfiore.com\/index.php?rest_route=\/wp\/v2\/pages\/96","targetHints":{"allow":["GET"]}}],"collection":[{"href":"https:\/\/centrobelfiore.com\/index.php?rest_route=\/wp\/v2\/pages"}],"about":[{"href":"https:\/\/centrobelfiore.com\/index.php?rest_route=\/wp\/v2\/types\/page"}],"author":[{"embeddable":true,"href":"https:\/\/centrobelfiore.com\/index.php?rest_route=\/wp\/v2\/users\/1"}],"replies":[{"embeddable":true,"href":"https:\/\/centrobelfiore.com\/index.php?rest_route=%2Fwp%2Fv2%2Fcomments&post=96"}],"version-history":[{"count":19,"href":"https:\/\/centrobelfiore.com\/index.php?rest_route=\/wp\/v2\/pages\/96\/revisions"}],"predecessor-version":[{"id":447,"href":"https:\/\/centrobelfiore.com\/index.php?rest_route=\/wp\/v2\/pages\/96\/revisions\/447"}],"wp:attachment":[{"href":"https:\/\/centrobelfiore.com\/index.php?rest_route=%2Fwp%2Fv2%2Fmedia&parent=96"}],"curies":[{"name":"wp","href":"https:\/\/api.w.org\/{rel}","templated":true}]}}